{"id":3428660,"date":"2025-12-10T10:32:41","date_gmt":"2025-12-10T09:32:41","guid":{"rendered":"https:\/\/klaudynahebda.pl\/sklep\/?page_id=3428660"},"modified":"2025-12-10T10:36:34","modified_gmt":"2025-12-10T09:36:34","slug":"gwarancja-tymianek","status":"publish","type":"page","link":"https:\/\/klaudynahebda.pl\/sklep\/gwarancja-tymianek\/","title":{"rendered":"Gwarancja tymianek"},"content":{"rendered":"<style>\n    ol li::marker {\n        font-weight: bold;\n    }\n<\/style>\n<h1>Regulamin programu \u201e100% satysfakcji albo zwrot pieni\u0119dzy\u201d<\/h1>\n<h2><strong>Olejek tymianek PLUS K. HEBDA<\/strong><\/h2>\n<ol>\n<li><strong>Zakres gwarancji satysfakcji<\/strong><\/li>\n<li style=\"list-style-type: none;\">\n<ul>\n<li>Je\u015bli w ci\u0105gu 14 dni od zakupu produkt <strong>Olejek tymianek PLUS K. HEBDA<\/strong> nie spe\u0142ni Twoich oczekiwa\u0144 \u2013 zwr\u00f3cimy Ci 100% wydanych na niego \u015brodk\u00f3w.<\/li>\n<li>Nie musisz argumentowa\u0107, dlaczego produkt Ci nie odpowiada \u2013 napisz do nas maila na pytanie@klaudynahebda.pl i ode\u015blij produkt.<\/li>\n<li>Gwarancja dotyczy wy\u0142\u0105cznie produktu <strong>Olejek tymianek PLUS K. HEBDA<\/strong> zakupionego w sklepie: klaudynahebda.pl\/sklep<\/li>\n<\/ul>\n<\/li>\n<li><strong>Okres obowi\u0105zywania<\/strong><br \/>\n        Gwarancja trwa 14 dni od daty zakupu.\n    <\/li>\n<li><strong>Zasady<\/strong>\n<ul>\n<li>Produkt mo\u017ce by\u0107 cz\u0119\u015bciowo zu\u017cyty \u2013 nie musisz zwraca\u0107 pe\u0142nej butelki.<\/li>\n<li>Koszty odes\u0142ania produktu ponosi klient.<\/li>\n<\/ul>\n<\/li>\n<li><strong>Procedura zwrotu<\/strong>\n<ul>\n<li>Wy\u015blij e-mail na: pytanie@klaudynahebda.pl \u2013 w tytule wpisz \u201eZwrot olejek Tymianek PLUS \u2013 gwarancja satysfakcji\u201d.<\/li>\n<li>W tre\u015bci podaj kr\u00f3tk\u0105 informacj\u0119, \u017ce chcesz skorzysta\u0107 z gwarancji satysfakcji oraz numer zam\u00f3wienia.<\/li>\n<li>Otrzymasz potwierdzenie i adres do odes\u0142ania produktu.<\/li>\n<\/ul>\n<\/li>\n<li><strong>Zwrot \u015brodk\u00f3w<\/strong><br \/>\n        Zwrot 100% ceny produktu (bez koszt\u00f3w wysy\u0142ki) przelewamy na Twoje konto bankowe w ci\u0105gu 14 dni roboczych od otrzymania przesy\u0142ki zwrotnej.\n    <\/li>\n<\/ol>\n","protected":false},"excerpt":{"rendered":"<p>Regulamin programu \u201e100% satysfakcji albo zwrot pieni\u0119dzy\u201d Olejek tymianek PLUS K. HEBDA Zakres gwarancji satysfakcji Je\u015bli w ci\u0105gu 14 dni od zakupu produkt Olejek tymianek PLUS K. HEBDA nie spe\u0142ni Twoich oczekiwa\u0144 \u2013 zwr\u00f3cimy Ci 100% wydanych na niego \u015brodk\u00f3w. Nie musisz argumentowa\u0107, dlaczego produkt Ci nie odpowiada \u2013 napisz do nas maila na pytanie@klaudynahebda.pl [&#8230;]\n","protected":false},"author":20088,"featured_media":0,"parent":0,"menu_order":0,"comment_status":"closed","ping_status":"closed","template":"","meta":[],"acf":[],"yoast_head":"<!-- This site is optimized with the Yoast SEO plugin v19.6.1 - https:\/\/yoast.com\/wordpress\/plugins\/seo\/ -->\n<title>Gwarancja tymianek - Klaudyna Hebda Nature<\/title>\n<meta name=\"robots\" content=\"noindex, follow\" \/>\n<meta property=\"og:locale\" content=\"pl_PL\" \/>\n<meta property=\"og:type\" content=\"article\" \/>\n<meta property=\"og:title\" content=\"Gwarancja tymianek - Klaudyna Hebda Nature\" \/>\n<meta property=\"og:description\" content=\"Regulamin programu \u201e100% satysfakcji albo zwrot pieni\u0119dzy\u201d Olejek tymianek PLUS K. HEBDA Zakres gwarancji satysfakcji Je\u015bli w ci\u0105gu 14 dni od zakupu produkt Olejek tymianek PLUS K. HEBDA nie spe\u0142ni Twoich oczekiwa\u0144 \u2013 zwr\u00f3cimy Ci 100% wydanych na niego \u015brodk\u00f3w. Nie musisz argumentowa\u0107, dlaczego produkt Ci nie odpowiada \u2013 napisz do nas maila na pytanie@klaudynahebda.pl [...]\" \/>\n<meta property=\"og:url\" content=\"https:\/\/klaudynahebda.pl\/sklep\/gwarancja-tymianek\/\" \/>\n<meta property=\"og:site_name\" content=\"Klaudyna Hebda Nature\" \/>\n<meta property=\"article:modified_time\" content=\"2025-12-10T09:36:34+00:00\" \/>\n<meta name=\"twitter:card\" content=\"summary_large_image\" \/>\n<meta name=\"twitter:label1\" content=\"Szacowany czas czytania\" \/>\n\t<meta name=\"twitter:data1\" content=\"1 minuta\" \/>\n<script type=\"application\/ld+json\" class=\"yoast-schema-graph\">{\"@context\":\"https:\/\/schema.org\",\"@graph\":[{\"@type\":\"WebPage\",\"@id\":\"https:\/\/klaudynahebda.pl\/sklep\/gwarancja-tymianek\/\",\"url\":\"https:\/\/klaudynahebda.pl\/sklep\/gwarancja-tymianek\/\",\"name\":\"Gwarancja tymianek - Klaudyna Hebda Nature\",\"isPartOf\":{\"@id\":\"https:\/\/klaudynahebda.pl\/sklep\/#website\"},\"datePublished\":\"2025-12-10T09:32:41+00:00\",\"dateModified\":\"2025-12-10T09:36:34+00:00\",\"breadcrumb\":{\"@id\":\"https:\/\/klaudynahebda.pl\/sklep\/gwarancja-tymianek\/#breadcrumb\"},\"inLanguage\":\"pl-PL\",\"potentialAction\":[{\"@type\":\"ReadAction\",\"target\":[\"https:\/\/klaudynahebda.pl\/sklep\/gwarancja-tymianek\/\"]}]},{\"@type\":\"BreadcrumbList\",\"@id\":\"https:\/\/klaudynahebda.pl\/sklep\/gwarancja-tymianek\/#breadcrumb\",\"itemListElement\":[{\"@type\":\"ListItem\",\"position\":1,\"name\":\"Strona g\u0142\u00f3wna\",\"item\":\"https:\/\/klaudynahebda.pl\/sklep\/\"},{\"@type\":\"ListItem\",\"position\":2,\"name\":\"Gwarancja tymianek\"}]},{\"@type\":\"WebSite\",\"@id\":\"https:\/\/klaudynahebda.pl\/sklep\/#website\",\"url\":\"https:\/\/klaudynahebda.pl\/sklep\/\",\"name\":\"Klaudyna Hebda Nature\",\"description\":\"Sklep\",\"publisher\":{\"@id\":\"https:\/\/klaudynahebda.pl\/sklep\/#organization\"},\"potentialAction\":[{\"@type\":\"SearchAction\",\"target\":{\"@type\":\"EntryPoint\",\"urlTemplate\":\"https:\/\/klaudynahebda.pl\/sklep\/?s={search_term_string}\"},\"query-input\":\"required name=search_term_string\"}],\"inLanguage\":\"pl-PL\"},{\"@type\":\"Organization\",\"@id\":\"https:\/\/klaudynahebda.pl\/sklep\/#organization\",\"name\":\"KlaudynaHebda\",\"url\":\"https:\/\/klaudynahebda.pl\/sklep\/\",\"sameAs\":[],\"logo\":{\"@type\":\"ImageObject\",\"inLanguage\":\"pl-PL\",\"@id\":\"https:\/\/klaudynahebda.pl\/sklep\/#\/schema\/logo\/image\/\",\"url\":\"\",\"contentUrl\":\"\",\"caption\":\"KlaudynaHebda\"},\"image\":{\"@id\":\"https:\/\/klaudynahebda.pl\/sklep\/#\/schema\/logo\/image\/\"}}]}<\/script>\n<!-- \/ Yoast SEO plugin. -->","yoast_head_json":{"title":"Gwarancja tymianek - Klaudyna Hebda Nature","robots":{"index":"noindex","follow":"follow"},"og_locale":"pl_PL","og_type":"article","og_title":"Gwarancja tymianek - Klaudyna Hebda Nature","og_description":"Regulamin programu \u201e100% satysfakcji albo zwrot pieni\u0119dzy\u201d Olejek tymianek PLUS K. HEBDA Zakres gwarancji satysfakcji Je\u015bli w ci\u0105gu 14 dni od zakupu produkt Olejek tymianek PLUS K. HEBDA nie spe\u0142ni Twoich oczekiwa\u0144 \u2013 zwr\u00f3cimy Ci 100% wydanych na niego \u015brodk\u00f3w. Nie musisz argumentowa\u0107, dlaczego produkt Ci nie odpowiada \u2013 napisz do nas maila na pytanie@klaudynahebda.pl [...]","og_url":"https:\/\/klaudynahebda.pl\/sklep\/gwarancja-tymianek\/","og_site_name":"Klaudyna Hebda Nature","article_modified_time":"2025-12-10T09:36:34+00:00","twitter_card":"summary_large_image","twitter_misc":{"Szacowany czas czytania":"1 minuta"},"schema":{"@context":"https:\/\/schema.org","@graph":[{"@type":"WebPage","@id":"https:\/\/klaudynahebda.pl\/sklep\/gwarancja-tymianek\/","url":"https:\/\/klaudynahebda.pl\/sklep\/gwarancja-tymianek\/","name":"Gwarancja tymianek - Klaudyna Hebda Nature","isPartOf":{"@id":"https:\/\/klaudynahebda.pl\/sklep\/#website"},"datePublished":"2025-12-10T09:32:41+00:00","dateModified":"2025-12-10T09:36:34+00:00","breadcrumb":{"@id":"https:\/\/klaudynahebda.pl\/sklep\/gwarancja-tymianek\/#breadcrumb"},"inLanguage":"pl-PL","potentialAction":[{"@type":"ReadAction","target":["https:\/\/klaudynahebda.pl\/sklep\/gwarancja-tymianek\/"]}]},{"@type":"BreadcrumbList","@id":"https:\/\/klaudynahebda.pl\/sklep\/gwarancja-tymianek\/#breadcrumb","itemListElement":[{"@type":"ListItem","position":1,"name":"Strona g\u0142\u00f3wna","item":"https:\/\/klaudynahebda.pl\/sklep\/"},{"@type":"ListItem","position":2,"name":"Gwarancja tymianek"}]},{"@type":"WebSite","@id":"https:\/\/klaudynahebda.pl\/sklep\/#website","url":"https:\/\/klaudynahebda.pl\/sklep\/","name":"Klaudyna Hebda Nature","description":"Sklep","publisher":{"@id":"https:\/\/klaudynahebda.pl\/sklep\/#organization"},"potentialAction":[{"@type":"SearchAction","target":{"@type":"EntryPoint","urlTemplate":"https:\/\/klaudynahebda.pl\/sklep\/?s={search_term_string}"},"query-input":"required name=search_term_string"}],"inLanguage":"pl-PL"},{"@type":"Organization","@id":"https:\/\/klaudynahebda.pl\/sklep\/#organization","name":"KlaudynaHebda","url":"https:\/\/klaudynahebda.pl\/sklep\/","sameAs":[],"logo":{"@type":"ImageObject","inLanguage":"pl-PL","@id":"https:\/\/klaudynahebda.pl\/sklep\/#\/schema\/logo\/image\/","url":"","contentUrl":"","caption":"KlaudynaHebda"},"image":{"@id":"https:\/\/klaudynahebda.pl\/sklep\/#\/schema\/logo\/image\/"}}]}},"_links":{"self":[{"href":"https:\/\/klaudynahebda.pl\/sklep\/wp-json\/wp\/v2\/pages\/3428660"}],"collection":[{"href":"https:\/\/klaudynahebda.pl\/sklep\/wp-json\/wp\/v2\/pages"}],"about":[{"href":"https:\/\/klaudynahebda.pl\/sklep\/wp-json\/wp\/v2\/types\/page"}],"author":[{"embeddable":true,"href":"https:\/\/klaudynahebda.pl\/sklep\/wp-json\/wp\/v2\/users\/20088"}],"replies":[{"embeddable":true,"href":"https:\/\/klaudynahebda.pl\/sklep\/wp-json\/wp\/v2\/comments?post=3428660"}],"version-history":[{"count":3,"href":"https:\/\/klaudynahebda.pl\/sklep\/wp-json\/wp\/v2\/pages\/3428660\/revisions"}],"predecessor-version":[{"id":3428665,"href":"https:\/\/klaudynahebda.pl\/sklep\/wp-json\/wp\/v2\/pages\/3428660\/revisions\/3428665"}],"wp:attachment":[{"href":"https:\/\/klaudynahebda.pl\/sklep\/wp-json\/wp\/v2\/media?parent=3428660"}],"curies":[{"name":"wp","href":"https:\/\/api.w.org\/{rel}","templated":true}]}}